{"id":13,"date":"2023-10-14T01:29:13","date_gmt":"2023-10-13T23:29:13","guid":{"rendered":"https:\/\/besseraltern.de\/?page_id=13"},"modified":"2024-04-12T15:16:43","modified_gmt":"2024-04-12T13:16:43","slug":"gestalte-deine-website-mit-bloecken","status":"publish","type":"page","link":"https:\/\/besseraltern.de\/","title":{"rendered":"Untitled"},"content":{"rendered":"\n<h1 class=\"wp-block-heading\">Praxis f\u00fcr Ergotherapie mit Lotsen-funktion<\/h1>\n\n\n\n<figure class=\"wp-block-image size-large is-resized\"><img decoding=\"async\" loading=\"lazy\" width=\"1024\" height=\"683\" src=\"https:\/\/besseraltern.de\/wp-content\/uploads\/2023\/11\/pexels-cole-keister-3144214-1-1024x683.jpg\" alt=\"\" class=\"wp-image-152\" style=\"aspect-ratio:1.499267935578331;width:724px;height:auto\" srcset=\"https:\/\/besseraltern.de\/wp-content\/uploads\/2023\/11\/pexels-cole-keister-3144214-1-1024x683.jpg 1024w, https:\/\/besseraltern.de\/wp-content\/uploads\/2023\/11\/pexels-cole-keister-3144214-1-300x200.jpg 300w, https:\/\/besseraltern.de\/wp-content\/uploads\/2023\/11\/pexels-cole-keister-3144214-1-768x512.jpg 768w, https:\/\/besseraltern.de\/wp-content\/uploads\/2023\/11\/pexels-cole-keister-3144214-1-1536x1024.jpg 1536w, https:\/\/besseraltern.de\/wp-content\/uploads\/2023\/11\/pexels-cole-keister-3144214-1-2048x1365.jpg 2048w, https:\/\/besseraltern.de\/wp-content\/uploads\/2023\/11\/pexels-cole-keister-3144214-1-1568x1045.jpg 1568w\" sizes=\"(max-width: 1024px) 100vw, 1024px\" \/><\/figure>\n\n\n\n<h2 class=\"wp-block-heading\">in Regensburg<\/h2>\n\n\n\n<p><strong>Hallo und herzlich willkommen!<\/strong><\/p>\n\n\n\n<p>Als Ergotherapeutin ist es mein oberstes Ziel, Ihre <strong>Selbstst\u00e4ndigkeit zu verbessern<\/strong> und Ihr <strong>Wohlbefinden zu steigern<\/strong>, basierend auf Ihren pers\u00f6nlichen Vorstellungen und Bed\u00fcrfnissen.<\/p>\n\n\n\n<p>Das Altern ist eine individuelle Reise, gepr\u00e4gt von Verlusten und Gewinnen. Jeder Mensch altert anders und nimmt das Altern unterschiedlich wahr. Gerade in Zeiten von Krankheit kann das Leben aus den Fugen geraten und Lebensqualit\u00e4t scheint unerreichbar. Genau hier setzt Ergotherapie an.<\/p>\n\n\n\n<p>Mein Anliegen ist es, ein <strong>w\u00fcrdevolles Altern trotz Krankheit <\/strong>zu erm\u00f6glichen und die Lebensqualit\u00e4t zu steigern. Auch bei stark pr\u00e4genden Krankheiten wie Schmerzen gibt es oft kleine &#8220;Kniffe&#8221; und Tricks, die viel bewirken k\u00f6nnen.<\/p>\n\n\n\n<p>Ein besonderes Anliegen ist mir die Unterst\u00fctzung von Menschen mit Demenz und deren Umfeld. Die Herausforderungen, die diese Erkrankung mit sich bringt, sind vielf\u00e4ltig und belastend. Daher ist es umso wichtiger, sich dabei Unterst\u00fctzung zu holen.<\/p>\n\n\n\n<p>Im Folgenden finden Sie ein bewegendes Video mit Aussagen einer mutigen Frau, die an Alzheimer erkrankt ist. Ich lade Sie ein, dieses Video anzusehen und sich mit der Erkrankung auseinanderzusetzen.<\/p>\n\n\n\n<figure class=\"wp-block-embed is-type-video is-provider-youtube wp-block-embed-youtube wp-embed-aspect-16-9 wp-has-aspect-ratio\"><div class=\"wp-block-embed__wrapper\">\n<iframe loading=\"lazy\" hcb-fetch-image-from=\"https:\/\/www.youtube.com\/watch?v=mZBhoaO994Q&amp;t=309s\" title=\"Gedanken einer Demenz-Patientin | Panorama 3 | NDR\" width=\"750\" height=\"422\" src=\"https:\/\/www.youtube.com\/embed\/mZBhoaO994Q?start=309&#038;feature=oembed\" frameborder=\"0\" allow=\"accelerometer; autoplay; clipboard-write; encrypted-media; gyroscope; picture-in-picture; web-share\" referrerpolicy=\"strict-origin-when-cross-origin\" allowfullscreen><\/iframe>\n<\/div><figcaption class=\"wp-element-caption\">&#8220;Gedanken einer Demenz-Patientin. Panorama 3. NDR&#8221; Quelle: Youtube. <\/figcaption><\/figure>\n\n\n\n<figure class=\"wp-block-image size-large is-resized\"><img decoding=\"async\" loading=\"lazy\" width=\"925\" height=\"1024\" src=\"https:\/\/besseraltern.de\/wp-content\/uploads\/2024\/01\/DVE_Mitglied_Farbe_RGB-925x1024.png\" alt=\"\" class=\"wp-image-267\" style=\"aspect-ratio:0.9033203125;object-fit:contain;width:172px;height:auto\" srcset=\"https:\/\/besseraltern.de\/wp-content\/uploads\/2024\/01\/DVE_Mitglied_Farbe_RGB-925x1024.png 925w, https:\/\/besseraltern.de\/wp-content\/uploads\/2024\/01\/DVE_Mitglied_Farbe_RGB-271x300.png 271w, https:\/\/besseraltern.de\/wp-content\/uploads\/2024\/01\/DVE_Mitglied_Farbe_RGB-768x850.png 768w, https:\/\/besseraltern.de\/wp-content\/uploads\/2024\/01\/DVE_Mitglied_Farbe_RGB-1387x1536.png 1387w, https:\/\/besseraltern.de\/wp-content\/uploads\/2024\/01\/DVE_Mitglied_Farbe_RGB-1850x2048.png 1850w, https:\/\/besseraltern.de\/wp-content\/uploads\/2024\/01\/DVE_Mitglied_Farbe_RGB-1568x1736.png 1568w\" sizes=\"(max-width: 925px) 100vw, 925px\" \/><\/figure>\n\n\n\n<figure class=\"wp-block-image size-large\"><img decoding=\"async\" loading=\"lazy\" width=\"768\" height=\"1024\" src=\"https:\/\/besseraltern.de\/wp-content\/uploads\/2023\/11\/pexels-eugene-golovesov-18813482-768x1024.jpg\" alt=\"\" class=\"wp-image-159\" srcset=\"https:\/\/besseraltern.de\/wp-content\/uploads\/2023\/11\/pexels-eugene-golovesov-18813482-768x1024.jpg 768w, https:\/\/besseraltern.de\/wp-content\/uploads\/2023\/11\/pexels-eugene-golovesov-18813482-225x300.jpg 225w, https:\/\/besseraltern.de\/wp-content\/uploads\/2023\/11\/pexels-eugene-golovesov-18813482-1152x1536.jpg 1152w, https:\/\/besseraltern.de\/wp-content\/uploads\/2023\/11\/pexels-eugene-golovesov-18813482-1536x2048.jpg 1536w, https:\/\/besseraltern.de\/wp-content\/uploads\/2023\/11\/pexels-eugene-golovesov-18813482-1568x2091.jpg 1568w, https:\/\/besseraltern.de\/wp-content\/uploads\/2023\/11\/pexels-eugene-golovesov-18813482-scaled.jpg 1920w\" sizes=\"(max-width: 768px) 100vw, 768px\" \/><\/figure>\n","protected":false},"excerpt":{"rendered":"<p>Praxis f\u00fcr Ergotherapie mit Lotsen-funktion in Regensburg Hallo und herzlich willkommen! Als Ergotherapeutin ist es mein oberstes Ziel, Ihre Selbstst\u00e4ndigkeit zu verbessern und Ihr Wohlbefinden zu steigern, basierend auf Ihren pers\u00f6nlichen Vorstellungen und Bed\u00fcrfnissen. Das Altern ist eine individuelle Reise, gepr\u00e4gt von Verlusten und Gewinnen. Jeder Mensch altert anders und nimmt das Altern unterschiedlich wahr.&hellip; <a class=\"more-link\" href=\"https:\/\/besseraltern.de\/\">Continue reading <span class=\"screen-reader-text\">Untitled<\/span><\/a><\/p>\n","protected":false},"author":1,"featured_media":0,"parent":0,"menu_order":0,"comment_status":"closed","ping_status":"closed","template":"","meta":{"footnotes":""},"_links":{"self":[{"href":"https:\/\/besseraltern.de\/index.php\/wp-json\/wp\/v2\/pages\/13"}],"collection":[{"href":"https:\/\/besseraltern.de\/index.php\/wp-json\/wp\/v2\/pages"}],"about":[{"href":"https:\/\/besseraltern.de\/index.php\/wp-json\/wp\/v2\/types\/page"}],"author":[{"embeddable":true,"href":"https:\/\/besseraltern.de\/index.php\/wp-json\/wp\/v2\/users\/1"}],"replies":[{"embeddable":true,"href":"https:\/\/besseraltern.de\/index.php\/wp-json\/wp\/v2\/comments?post=13"}],"version-history":[{"count":25,"href":"https:\/\/besseraltern.de\/index.php\/wp-json\/wp\/v2\/pages\/13\/revisions"}],"predecessor-version":[{"id":511,"href":"https:\/\/besseraltern.de\/index.php\/wp-json\/wp\/v2\/pages\/13\/revisions\/511"}],"wp:attachment":[{"href":"https:\/\/besseraltern.de\/index.php\/wp-json\/wp\/v2\/media?parent=13"}],"curies":[{"name":"wp","href":"https:\/\/api.w.org\/{rel}","templated":true}]}}