{"id":196,"date":"2023-12-11T11:18:25","date_gmt":"2023-12-11T10:18:25","guid":{"rendered":"https:\/\/besseraltern.de\/?page_id=196"},"modified":"2025-01-21T15:23:26","modified_gmt":"2025-01-21T14:23:26","slug":"impressum","status":"publish","type":"page","link":"https:\/\/besseraltern.de\/index.php\/impressum\/","title":{"rendered":"Impressum"},"content":{"rendered":"\n<p><strong>Angaben gem\u00e4\u00df \u00a7 5 TMG<\/strong><br>besser altern &#8211; Salome Benkel<br>Schulungen zu Themen und Herausforderungen rund um das individuelle Altern<\/p>\n\n\n\n<p>Praxis f\u00fcr Ergotherapie mit Lotsenfunktion<\/p>\n\n\n\n<p>Hermann-K\u00f6hl-Stra\u00dfe 3                                                                  93049 Regensburg<\/p>\n\n\n\n<p>Umsatzsteuer-ID: DE365549727<br><\/p>\n\n\n\n<p><strong>Kontakt<\/strong>                                                                          info@besseraltern.de<\/p>\n\n\n\n<p>0151-64662274<\/p>\n\n\n\n<p><strong>Berufsbezeichnung und berufsrechtliche Regelungen<\/strong><br><strong>Berufsbezeichnung:<\/strong> Staatlich anerkannte Ergotherapeutin, B.Sc. Ergotherapie<br>Verliehen in: Mecklenburg-Vorpommern<br>Es gelten folgende berufsrechtliche Regelungen: Ergotherapeutengesetz &#8211; ErgThG einsehbar unter: https:\/\/www.gesetze-im-internet.de\/bearbthg\/ErgThG.pdf<\/p>\n\n\n\n<p><br><strong>EU-Streitschlichtung<\/strong><br>Die Europ\u00e4ische Kommission stellt eine Plattform zur Online-Streitbeilegung (OS) bereit: https:\/\/ec.europa.eu\/consumers\/odr\/.<br>Meine E-Mail-Adresse finden Sie oben im Impressum.<br><\/p>\n\n\n\n<p><strong>Verbraucherstreitbeilegung\/Universalschlichtungsstelle<\/strong><br>Ich bin nicht bereit oder verpflichtet, an Streitbeilegungsverfahren vor einer Verbraucherschlichtungsstelle teilzunehmen.<\/p>\n\n\n\n<p><strong>Haftung f\u00fcr Inhalte<\/strong>                                                                            Als Diensteanbieter sind wir gem\u00e4\u00df \u00a7 7 Abs.1 TMG f\u00fcr eigene Inhalte auf diesen Seiten nach den allgemeinen Gesetzen verantwortlich. Nach \u00a7\u00a7 8 bis 10 TMG sind wir als Diensteanbieter jedoch nicht verpflichtet, \u00fcbermittelte oder gespeicherte fremde Informationen zu \u00fcberwachen oder nach Umst\u00e4nden zu forschen, die auf eine rechtswidrige T\u00e4tigkeit hinweisen.<\/p>\n\n\n\n<p>Verpflichtungen zur Entfernung oder Sperrung der Nutzung von Informationen nach den allgemeinen Gesetzen bleiben hiervon unber\u00fchrt. Eine diesbez\u00fcgliche Haftung ist jedoch erst ab dem Zeitpunkt der Kenntnis einer konkreten Rechtsverletzung m\u00f6glich. Bei Bekanntwerden von entsprechenden Rechtsverletzungen werden wir diese Inhalte umgehend entfernen.<\/p>\n\n\n\n<p><strong>Haftung f\u00fcr Links<\/strong>                                                                            Mein Angebot enth\u00e4lt Links zu externen Websites Dritter, auf deren Inhalte wir keinen Einfluss haben. Deshalb k\u00f6nnen wir f\u00fcr diese fremden Inhalte auch keine Gew\u00e4hr \u00fcbernehmen. F\u00fcr die Inhalte der verlinkten Seiten ist stets der jeweilige Anbieter oder Betreiber der Seiten verantwortlich. Die verlinkten Seiten wurden zum Zeitpunkt der Verlinkung auf m\u00f6gliche Rechtsverst\u00f6\u00dfe \u00fcberpr\u00fcft. Rechtswidrige Inhalte waren zum Zeitpunkt der Verlinkung nicht erkennbar.<\/p>\n\n\n\n<p>Eine permanente inhaltliche Kontrolle der verlinkten Seiten ist jedoch ohne konkrete Anhaltspunkte einer Rechtsverletzung nicht zumutbar. Bei Bekanntwerden von Rechtsverletzungen werden wir derartige Links umgehend entfernen.<\/p>\n\n\n\n<p><strong>Urheberrecht  <\/strong>                                                                                   Die durch die Seitenbetreiber erstellten Inhalte und Werke auf diesen Seiten unterliegen dem deutschen Urheberrecht. Die Vervielf\u00e4ltigung, Bearbeitung, Verbreitung und jede Art der Verwertung au\u00dferhalb der Grenzen des Urheberrechtes bed\u00fcrfen der schriftlichen Zustimmung des jeweiligen Autors bzw. Erstellers. Downloads und Kopien dieser Seite sind nur f\u00fcr den privaten, nicht kommerziellen Gebrauch gestattet.<\/p>\n\n\n\n<p>Soweit die Inhalte auf dieser Seite nicht vom Betreiber erstellt wurden, werden die Urheberrechte Dritter beachtet. Insbesondere werden Inhalte Dritter als solche gekennzeichnet. Sollten Sie trotzdem auf eine Urheberrechtsverletzung aufmerksam werden, bitten wir um einen entsprechenden Hinweis. Bei Bekanntwerden von Rechtsverletzungen werden wir derartige Inhalte umgehend entfernen.<\/p>\n\n\n\n<p><br>Impressum erstellt mit: www.e-recht24.de<\/p>\n","protected":false},"excerpt":{"rendered":"<p>Angaben gem\u00e4\u00df \u00a7 5 TMGbesser altern &#8211; Salome BenkelSchulungen zu Themen und Herausforderungen rund um das individuelle Altern Praxis f\u00fcr Ergotherapie mit Lotsenfunktion Hermann-K\u00f6hl-Stra\u00dfe 3 93049 Regensburg Umsatzsteuer-ID: DE365549727 Kontakt info@besseraltern.de 0151-64662274 Berufsbezeichnung und berufsrechtliche RegelungenBerufsbezeichnung: Staatlich anerkannte Ergotherapeutin, B.Sc. ErgotherapieVerliehen in: Mecklenburg-VorpommernEs gelten folgende berufsrechtliche Regelungen: Ergotherapeutengesetz &#8211; ErgThG einsehbar unter: https:\/\/www.gesetze-im-internet.de\/bearbthg\/ErgThG.pdf EU-StreitschlichtungDie Europ\u00e4ische&hellip; <a class=\"more-link\" href=\"https:\/\/besseraltern.de\/index.php\/impressum\/\">Continue reading <span class=\"screen-reader-text\">Impressum<\/span><\/a><\/p>\n","protected":false},"author":1,"featured_media":0,"parent":0,"menu_order":0,"comment_status":"closed","ping_status":"closed","template":"","meta":{"footnotes":""},"_links":{"self":[{"href":"https:\/\/besseraltern.de\/index.php\/wp-json\/wp\/v2\/pages\/196"}],"collection":[{"href":"https:\/\/besseraltern.de\/index.php\/wp-json\/wp\/v2\/pages"}],"about":[{"href":"https:\/\/besseraltern.de\/index.php\/wp-json\/wp\/v2\/types\/page"}],"author":[{"embeddable":true,"href":"https:\/\/besseraltern.de\/index.php\/wp-json\/wp\/v2\/users\/1"}],"replies":[{"embeddable":true,"href":"https:\/\/besseraltern.de\/index.php\/wp-json\/wp\/v2\/comments?post=196"}],"version-history":[{"count":6,"href":"https:\/\/besseraltern.de\/index.php\/wp-json\/wp\/v2\/pages\/196\/revisions"}],"predecessor-version":[{"id":569,"href":"https:\/\/besseraltern.de\/index.php\/wp-json\/wp\/v2\/pages\/196\/revisions\/569"}],"wp:attachment":[{"href":"https:\/\/besseraltern.de\/index.php\/wp-json\/wp\/v2\/media?parent=196"}],"curies":[{"name":"wp","href":"https:\/\/api.w.org\/{rel}","templated":true}]}}