{"id":237,"date":"2024-03-08T16:17:11","date_gmt":"2024-03-08T15:17:11","guid":{"rendered":"https:\/\/besseraltern.de\/?page_id=237"},"modified":"2025-06-11T10:31:10","modified_gmt":"2025-06-11T08:31:10","slug":"ergotherapie","status":"publish","type":"page","link":"https:\/\/besseraltern.de\/index.php\/ergotherapie\/","title":{"rendered":"Ergotherapie"},"content":{"rendered":"\n<h2 class=\"wp-block-heading\">in Regensburg.<\/h2>\n\n\n\n<figure class=\"wp-block-image size-large is-resized\"><img decoding=\"async\" loading=\"lazy\" width=\"1024\" height=\"726\" src=\"https:\/\/besseraltern.de\/wp-content\/uploads\/2024\/03\/Am-Ball-bleiben1-1024x726.png\" alt=\"\" class=\"wp-image-326\" style=\"aspect-ratio:1.4104683195592287;width:507px;height:auto\" srcset=\"https:\/\/besseraltern.de\/wp-content\/uploads\/2024\/03\/Am-Ball-bleiben1-1024x726.png 1024w, https:\/\/besseraltern.de\/wp-content\/uploads\/2024\/03\/Am-Ball-bleiben1-300x213.png 300w, https:\/\/besseraltern.de\/wp-content\/uploads\/2024\/03\/Am-Ball-bleiben1-768x545.png 768w, https:\/\/besseraltern.de\/wp-content\/uploads\/2024\/03\/Am-Ball-bleiben1-1536x1090.png 1536w, https:\/\/besseraltern.de\/wp-content\/uploads\/2024\/03\/Am-Ball-bleiben1-1568x1112.png 1568w, https:\/\/besseraltern.de\/wp-content\/uploads\/2024\/03\/Am-Ball-bleiben1.png 1748w\" sizes=\"(max-width: 1024px) 100vw, 1024px\" \/><\/figure>\n\n\n\n<h2 class=\"wp-block-heading\">Praxis f\u00fcr gesetzlich und privat Versicherte<\/h2>\n\n\n\n<p>Entdecken Sie flexible Therapien, die darauf abzielen, Ihre <strong>Selbstst\u00e4ndigkeit im Alltag<\/strong> zu f\u00f6rdern und Ihre <strong>Lebensqualit\u00e4t<\/strong> zu verbessern. Ich biete <strong>Hausbesuche<\/strong> in Ihrem vertrauten Umfeld oder Therapien in der Praxis an.<\/p>\n\n\n\n<p>Egal, ob zu Hause, in einer Wohneinrichtung oder in einer Tagespflege, ich begleite, unterst\u00fctze und berate Sie gerne. Bei Bedarf sind Angeh\u00f6rige herzlich eingeladen, an den Therapien teilzunehmen. <\/p>\n\n\n\n<p>Mein Hauptaugenmerk liegt auf Ihren <strong>individuellen Zielen und Bed\u00fcrfnissen<\/strong>. Sie bestimmen den Weg Ihrer Therapie! Durch Assessments helfe ich Ihnen dabei, klare Ziele zu finden und Ihre Fortschritte sichtbar zu machen. Aber auch, wenn das Formulieren von Zielen nicht mehr m\u00f6glich ist, ist Ergotherapie oft sinnvoll. <\/p>\n\n\n\n<p>Ich betrachte nicht nur Ihre k\u00f6rperliche Funktion, sondern auch Ihr soziales Umfeld, Ihre seelische Verfassung und Ihre geistigen F\u00e4higkeiten. Auf Ihren Wunsch hin arbeite ich eng mit Angeh\u00f6rigen und anderen Fachkr\u00e4ften wie \u00c4rzten, Pflegepersonal und Sozialarbeitern zusammen.<\/p>\n\n\n\n<figure class=\"wp-block-image size-large\"><img decoding=\"async\" loading=\"lazy\" width=\"1024\" height=\"1024\" src=\"https:\/\/besseraltern.de\/wp-content\/uploads\/2024\/03\/Gruende-Ergotherapie-1-1024x1024.png\" alt=\"\" class=\"wp-image-404\" srcset=\"https:\/\/besseraltern.de\/wp-content\/uploads\/2024\/03\/Gruende-Ergotherapie-1-1024x1024.png 1024w, https:\/\/besseraltern.de\/wp-content\/uploads\/2024\/03\/Gruende-Ergotherapie-1-300x300.png 300w, https:\/\/besseraltern.de\/wp-content\/uploads\/2024\/03\/Gruende-Ergotherapie-1-150x150.png 150w, https:\/\/besseraltern.de\/wp-content\/uploads\/2024\/03\/Gruende-Ergotherapie-1-768x768.png 768w, https:\/\/besseraltern.de\/wp-content\/uploads\/2024\/03\/Gruende-Ergotherapie-1.png 1080w\" sizes=\"(max-width: 1024px) 100vw, 1024px\" \/><\/figure>\n\n\n\n<p>Die Praxis ist auf folgende Bereiche spezialisiert.<\/p>\n\n\n\n<div class=\"wp-block-group is-layout-constrained wp-block-group-is-layout-constrained\"><div class=\"wp-block-group__inner-container\">\n<details class=\"wp-block-details\"><summary>Altersmedizin (Geriatrie)<\/summary>\n<p>Im Alter treten oft <strong>mehrere Erkrankungen gleichzeitig <\/strong>auf. Vor allem langfristige (chronische) oder fortschreitende (degenerative) Erkrankungen f\u00fchren h\u00e4ufig zu Einschr\u00e4nkungen im Alltag. <\/p>\n\n\n\n<figure class=\"wp-block-image size-large is-resized\"><img decoding=\"async\" loading=\"lazy\" width=\"682\" height=\"1024\" src=\"https:\/\/besseraltern.de\/wp-content\/uploads\/2025\/06\/Website-Ergo-682x1024.png\" alt=\"\" class=\"wp-image-617\" style=\"aspect-ratio:0.666015625;width:270px;height:auto\" srcset=\"https:\/\/besseraltern.de\/wp-content\/uploads\/2025\/06\/Website-Ergo-682x1024.png 682w, https:\/\/besseraltern.de\/wp-content\/uploads\/2025\/06\/Website-Ergo-200x300.png 200w, https:\/\/besseraltern.de\/wp-content\/uploads\/2025\/06\/Website-Ergo-768x1152.png 768w, https:\/\/besseraltern.de\/wp-content\/uploads\/2025\/06\/Website-Ergo-1024x1536.png 1024w, https:\/\/besseraltern.de\/wp-content\/uploads\/2025\/06\/Website-Ergo.png 1333w\" sizes=\"(max-width: 682px) 100vw, 682px\" \/><\/figure>\n\n\n\n<p>Besonders am Herzen liegen mir Menschen in <strong>schwierigen Lebenssituationen<\/strong>, wie \u00e4ltere Menschen mit Migrationshintergrund und Sprachbarriere oder alleinstehende Personen in sozialer Isolation. Auch Menschen mit Angeh\u00f6rigen in gro\u00dfer Entfernung oder Menschen mit besonderen Einschr\u00e4nkungen unterst\u00fctze ich gerne.<\/p>\n<\/details>\n<\/div><\/div>\n\n\n\n<details class=\"wp-block-details\"><summary>Sterbemedizin (Palliativ)<br><br><\/summary>\n<p>Wir alle wissen, dass Ver\u00e4nderungen im Leben unausweichlich sind. Manche k\u00f6nnen wir vorhersehen. Wie es sich anf\u00fchlt, wenn ein geliebter Mensch dem Tod nahe ist oder pl\u00f6tzlich mit dem Sterben konfrontiert wird, k\u00f6nnen wir nicht vorhersagen.<\/p>\n\n\n\n<p>In solchen Momenten tauchen viele Fragen, \u00c4ngste und Unsicherheiten auf. Das Bed\u00fcrfnis nach Unterst\u00fctzung und Begleitung ist oft gro\u00df. Doch Sie sind mit all diesen Gef\u00fchlen nicht allein.<\/p>\n\n\n\n<p>Wenn ein Mensch dem Tod entgegengeht, geht es meist nicht mehr darum, die Selbstst\u00e4ndigkeit zu erhalten, sondern vielmehr darum, die Lebensqualit\u00e4t in dieser Phase zu f\u00f6rdern. Oft sind es die kleinen, sch\u00f6nen Momente am Ende des Lebens, die den Menschen besonders wichtig sind.<\/p>\n\n\n\n<p><strong>Inhalte<\/strong><\/p>\n\n\n\n<ul>\n<li>Kontakt- &amp; Beziehungsaufbau<\/li>\n\n\n\n<li>Kommunikation durch Wahrnehmung (Basale Stimulation)<\/li>\n\n\n\n<li>Reizstimulation (Musik, Tastgegenst\u00e4nde, Ger\u00fcche, W\u00e4rme, Bildmaterial)<\/li>\n\n\n\n<li>Biographiearbeit<\/li>\n\n\n\n<li>Entspannungstechniken<\/li>\n<\/ul>\n\n\n\n<figure class=\"wp-block-image size-large is-resized\"><img decoding=\"async\" loading=\"lazy\" width=\"682\" height=\"1024\" src=\"https:\/\/besseraltern.de\/wp-content\/uploads\/2025\/06\/Website-Palliativ-682x1024.png\" alt=\"\" class=\"wp-image-619\" style=\"aspect-ratio:0.75;width:299px;height:auto\" srcset=\"https:\/\/besseraltern.de\/wp-content\/uploads\/2025\/06\/Website-Palliativ-682x1024.png 682w, https:\/\/besseraltern.de\/wp-content\/uploads\/2025\/06\/Website-Palliativ-200x300.png 200w, https:\/\/besseraltern.de\/wp-content\/uploads\/2025\/06\/Website-Palliativ-768x1152.png 768w, https:\/\/besseraltern.de\/wp-content\/uploads\/2025\/06\/Website-Palliativ-1024x1536.png 1024w, https:\/\/besseraltern.de\/wp-content\/uploads\/2025\/06\/Website-Palliativ.png 1333w\" sizes=\"(max-width: 682px) 100vw, 682px\" \/><\/figure>\n<\/details>\n\n\n\n<details class=\"wp-block-details\"><summary>Nervenheilkunde (Neurologie)<\/summary>\n<p>Chronische Erkrankungen wie Morbus Parkinson, der Zustand nach einem Schlaganfall, Multiple Skelorose oder Sch\u00e4del-Hirn-Traumen ver\u00e4ndern das Leben pl\u00f6tzlich oder schleichend. Auch hier kommt es oft zu Problemen im Alltag. Essen, Anziehen, Gehen oder Verkehrsmittel benutzen &#8211; all das kann pl\u00f6tzlich nicht mehr selbstverst\u00e4ndlich sein. <\/p>\n\n\n\n<figure class=\"wp-block-image size-large is-resized\"><img decoding=\"async\" loading=\"lazy\" width=\"1024\" height=\"819\" src=\"https:\/\/besseraltern.de\/wp-content\/uploads\/2025\/06\/Website-Neuro-1-1024x819.png\" alt=\"\" class=\"wp-image-621\" style=\"aspect-ratio:1.499267935578331;width:517px;height:auto\" srcset=\"https:\/\/besseraltern.de\/wp-content\/uploads\/2025\/06\/Website-Neuro-1-1024x819.png 1024w, https:\/\/besseraltern.de\/wp-content\/uploads\/2025\/06\/Website-Neuro-1-300x240.png 300w, https:\/\/besseraltern.de\/wp-content\/uploads\/2025\/06\/Website-Neuro-1-768x614.png 768w, https:\/\/besseraltern.de\/wp-content\/uploads\/2025\/06\/Website-Neuro-1-1536x1229.png 1536w, https:\/\/besseraltern.de\/wp-content\/uploads\/2025\/06\/Website-Neuro-1-1568x1254.png 1568w, https:\/\/besseraltern.de\/wp-content\/uploads\/2025\/06\/Website-Neuro-1.png 2000w\" sizes=\"(max-width: 1024px) 100vw, 1024px\" \/><\/figure>\n<\/details>\n\n\n\n<p><\/p>\n\n\n\n<details class=\"wp-block-details\"><summary>Psychiatrie<br><\/summary>\n<p>Wenn \u00c4ngste mehr werden und\/oder die Stimmung sich zunehmend verschlechtert, kann der Alltag zur Qual werden. Wiederkehrende Gedanken k\u00f6nnen selbst &#8220;einfache&#8221; Handlungen erschweren. Oft vermeiden Menschen dann Handlungen. Beispielsweise werden Anrufe werden nicht mehr get\u00e4tigt, das Kochen wird weniger und Hobbys von fr\u00fcher sind nicht mehr pr\u00e4sent. Ergotherapie kann helfen, diesen Teufelskreislauf zu durchbrechen. Durch eine alltagsnahe Therapie k\u00f6nnen Menschen mit psychischen Problemen wieder zum handeln kommen. <\/p>\n\n\n\n<figure class=\"wp-block-image size-large is-resized\"><img decoding=\"async\" loading=\"lazy\" width=\"682\" height=\"1024\" src=\"https:\/\/besseraltern.de\/wp-content\/uploads\/2025\/06\/Website-Psychiatrie-1-682x1024.png\" alt=\"\" class=\"wp-image-622\" style=\"aspect-ratio:0.7998046875;width:441px;height:auto\" srcset=\"https:\/\/besseraltern.de\/wp-content\/uploads\/2025\/06\/Website-Psychiatrie-1-682x1024.png 682w, https:\/\/besseraltern.de\/wp-content\/uploads\/2025\/06\/Website-Psychiatrie-1-200x300.png 200w, https:\/\/besseraltern.de\/wp-content\/uploads\/2025\/06\/Website-Psychiatrie-1-768x1152.png 768w, https:\/\/besseraltern.de\/wp-content\/uploads\/2025\/06\/Website-Psychiatrie-1-1024x1536.png 1024w, https:\/\/besseraltern.de\/wp-content\/uploads\/2025\/06\/Website-Psychiatrie-1.png 1333w\" sizes=\"(max-width: 682px) 100vw, 682px\" \/><\/figure>\n<\/details>\n\n\n\n<figure class=\"wp-block-image size-large\"><img decoding=\"async\" loading=\"lazy\" width=\"1024\" height=\"819\" src=\"https:\/\/besseraltern.de\/wp-content\/uploads\/2024\/04\/Ablauf-1024x819.png\" alt=\"\" class=\"wp-image-504\" srcset=\"https:\/\/besseraltern.de\/wp-content\/uploads\/2024\/04\/Ablauf-1024x819.png 1024w, https:\/\/besseraltern.de\/wp-content\/uploads\/2024\/04\/Ablauf-300x240.png 300w, https:\/\/besseraltern.de\/wp-content\/uploads\/2024\/04\/Ablauf-768x614.png 768w, https:\/\/besseraltern.de\/wp-content\/uploads\/2024\/04\/Ablauf-1536x1229.png 1536w, https:\/\/besseraltern.de\/wp-content\/uploads\/2024\/04\/Ablauf-1568x1254.png 1568w, https:\/\/besseraltern.de\/wp-content\/uploads\/2024\/04\/Ablauf.png 2000w\" sizes=\"(max-width: 1024px) 100vw, 1024px\" \/><\/figure>\n\n\n\n<p><strong>M\u00f6gliche<\/strong> <strong>Therapieinhalt<\/strong>e<\/p>\n\n\n\n<ul>\n<li>Erarbeitung einer Tages- &amp; Wochenstruktur <\/li>\n\n\n\n<li>Training der allt\u00e4glichen Handlungen (beispielsweise Anziehen, Kochen, Medikamenteneinnahme, K\u00f6rperpflege, Haushaltsf\u00fchrung, Einkaufen)<\/li>\n\n\n\n<li>Training der Mobilit\u00e4t und Beweglichkeit innerhalb und au\u00dferhalb des Wohnbereiches (auch Nutzung von Hilfsmitteln)<\/li>\n\n\n\n<li>Ged\u00e4chtnishilfen im Wohnraum<\/li>\n\n\n\n<li>Wohnraumberatung f\u00fcr einen Umbau<\/li>\n\n\n\n<li>Angebote zur Steigerung des Wohlbefindens und zum Erhalt der Identit\u00e4t <\/li>\n\n\n\n<li>Begleitung und Unterst\u00fctzung bei Ver\u00e4nderungen \u2192 Erarbeiten von Strategien zur Bew\u00e4ltigung (beispielswese Verlust des Partners, Umzug in ein Pflegeheim)<\/li>\n\n\n\n<li>Hilfe zur sozialen Teilhabe (zB Teilnahme an Gruppenangeboten in der N\u00e4he, Kontakte finden, Umgang mit Handy\/Tablet)<\/li>\n\n\n\n<li>Entspannungstechniken zur Regulation des Nervensystems<\/li>\n\n\n\n<li>Erweiterung des Gedankenrepertoires -&gt; Neubewertung von  Hemmnissen im Alltagsleben, um so Handlungsspielraum zu erweitern<\/li>\n\n\n\n<li>Beratung zu Unterst\u00fctzungsangeboten &#8211; Beratung zur Integration in das soziale &amp; h\u00e4usliche Umfeld \u2192 <strong>Lotsenfunktion<\/strong><\/li>\n<\/ul>\n\n\n\n<p>Bei entsprechender \u00e4rztlicher Verordnung \u00fcbermittele ich einen ergotherapeutischen <strong>Befund<\/strong>, der die F\u00e4higkeiten und Einschr\u00e4nkungen im Alltag dokumentiert und durch konkrete Daten aus den Frageb\u00f6gen untermauert wird.<\/p>\n\n\n\n<figure class=\"wp-block-image size-large is-resized\"><img decoding=\"async\" loading=\"lazy\" width=\"1024\" height=\"683\" src=\"https:\/\/besseraltern.de\/wp-content\/uploads\/2024\/03\/Assessment-1024x683.jpg\" alt=\"\" class=\"wp-image-363\" style=\"aspect-ratio:1.499267935578331;width:252px;height:auto\" srcset=\"https:\/\/besseraltern.de\/wp-content\/uploads\/2024\/03\/Assessment-1024x683.jpg 1024w, https:\/\/besseraltern.de\/wp-content\/uploads\/2024\/03\/Assessment-300x200.jpg 300w, https:\/\/besseraltern.de\/wp-content\/uploads\/2024\/03\/Assessment-768x512.jpg 768w, https:\/\/besseraltern.de\/wp-content\/uploads\/2024\/03\/Assessment-1536x1024.jpg 1536w, https:\/\/besseraltern.de\/wp-content\/uploads\/2024\/03\/Assessment-2048x1365.jpg 2048w, https:\/\/besseraltern.de\/wp-content\/uploads\/2024\/03\/Assessment-1568x1045.jpg 1568w\" sizes=\"(max-width: 1024px) 100vw, 1024px\" \/><\/figure>\n\n\n\n<p><strong>Auch Angeh\u00f6rige erhalten eine Stimme<\/strong>. Auf Wunsch meines Klienten berate ich auch das Umfeld bez\u00fcglich Entlastungsm\u00f6glichkeiten und Kommunikationsstrategien. Denn Krankheit betrifft nicht nur den Betroffenen selbst. Die \u00dcbernahme neuer Rollen stellt oft eine gro\u00dfe Herausforderung dar.<\/p>\n\n\n\n<p><strong>Rufen Sie mich gerne an!<\/strong> Ich freue mich.<\/p>\n\n\n\n<figure class=\"wp-block-image size-large is-resized\"><img decoding=\"async\" loading=\"lazy\" width=\"682\" height=\"1024\" src=\"https:\/\/besseraltern.de\/wp-content\/uploads\/2024\/01\/IMG_7201-Bearbeitet-PhotoRoom.png-PhotoRoom-682x1024.png\" alt=\"\" class=\"wp-image-259\" style=\"aspect-ratio:0.666015625;width:178px;height:auto\" srcset=\"https:\/\/besseraltern.de\/wp-content\/uploads\/2024\/01\/IMG_7201-Bearbeitet-PhotoRoom.png-PhotoRoom-682x1024.png 682w, https:\/\/besseraltern.de\/wp-content\/uploads\/2024\/01\/IMG_7201-Bearbeitet-PhotoRoom.png-PhotoRoom-200x300.png 200w, https:\/\/besseraltern.de\/wp-content\/uploads\/2024\/01\/IMG_7201-Bearbeitet-PhotoRoom.png-PhotoRoom-768x1152.png 768w, https:\/\/besseraltern.de\/wp-content\/uploads\/2024\/01\/IMG_7201-Bearbeitet-PhotoRoom.png-PhotoRoom.png 853w\" sizes=\"(max-width: 682px) 100vw, 682px\" \/><\/figure>\n","protected":false},"excerpt":{"rendered":"<p>in Regensburg. Praxis f\u00fcr gesetzlich und privat Versicherte Entdecken Sie flexible Therapien, die darauf abzielen, Ihre Selbstst\u00e4ndigkeit im Alltag zu f\u00f6rdern und Ihre Lebensqualit\u00e4t zu verbessern. Ich biete Hausbesuche in Ihrem vertrauten Umfeld oder Therapien in der Praxis an. Egal, ob zu Hause, in einer Wohneinrichtung oder in einer Tagespflege, ich begleite, unterst\u00fctze und berate&hellip; <a class=\"more-link\" href=\"https:\/\/besseraltern.de\/index.php\/ergotherapie\/\">Continue reading <span class=\"screen-reader-text\">Ergotherapie<\/span><\/a><\/p>\n","protected":false},"author":1,"featured_media":0,"parent":0,"menu_order":0,"comment_status":"closed","ping_status":"closed","template":"","meta":{"footnotes":""},"_links":{"self":[{"href":"https:\/\/besseraltern.de\/index.php\/wp-json\/wp\/v2\/pages\/237"}],"collection":[{"href":"https:\/\/besseraltern.de\/index.php\/wp-json\/wp\/v2\/pages"}],"about":[{"href":"https:\/\/besseraltern.de\/index.php\/wp-json\/wp\/v2\/types\/page"}],"author":[{"embeddable":true,"href":"https:\/\/besseraltern.de\/index.php\/wp-json\/wp\/v2\/users\/1"}],"replies":[{"embeddable":true,"href":"https:\/\/besseraltern.de\/index.php\/wp-json\/wp\/v2\/comments?post=237"}],"version-history":[{"count":64,"href":"https:\/\/besseraltern.de\/index.php\/wp-json\/wp\/v2\/pages\/237\/revisions"}],"predecessor-version":[{"id":624,"href":"https:\/\/besseraltern.de\/index.php\/wp-json\/wp\/v2\/pages\/237\/revisions\/624"}],"wp:attachment":[{"href":"https:\/\/besseraltern.de\/index.php\/wp-json\/wp\/v2\/media?parent=237"}],"curies":[{"name":"wp","href":"https:\/\/api.w.org\/{rel}","templated":true}]}}