{"id":340,"date":"2024-03-12T15:00:38","date_gmt":"2024-03-12T14:00:38","guid":{"rendered":"https:\/\/besseraltern.de\/?page_id=340"},"modified":"2024-03-19T12:58:26","modified_gmt":"2024-03-19T11:58:26","slug":"lotsen-funktion","status":"publish","type":"page","link":"https:\/\/besseraltern.de\/index.php\/lotsen-funktion\/","title":{"rendered":"Lotsen-Funktion"},"content":{"rendered":"\n<h2 class=\"wp-block-heading\">Vermittlung zu Versorgungsangeboten<\/h2>\n\n\n\n<p>Unser Gesundheitssystem ist vielschichtig und verwirrend. <\/p>\n\n\n\n<p>In meiner Zeit in der Angeh\u00f6rigenberatung habe ich gelernt, wie wichtig es ist, dass <strong>Betroffene und auch Angeh\u00f6rige umfassend informiert und beraten <\/strong>werden. Zum Gl\u00fcck gibt es f\u00fcr fast jedes Anliegen Anlaufstellen. Ich bin Expertin f\u00fcr Alltagshandlungen und f\u00fcr die Lebensphase Alter. Wenn mein Fachwissen und meine Therapiem\u00f6glichkeiten Grenzen erreichen, lasse ich Sie nicht alleine. <\/p>\n\n\n\n<p>Wenn ich bei Ihnen Bedarf an bestimmten Angeboten sehe, berate ich Sie im Rahmen einer Umfeldberatung gerne. <\/p>\n\n\n\n<p>Wenn Sie den Wunsch nach einem bestimmten Angebot haben, kann ich zusammen mit Ihnen Kontakt zu dem jeweiligen Ansprechpartner aufnehmen. Im Folgenden sehen Sie, um welche Angebote es sich handeln k\u00f6nnte. <\/p>\n\n\n\n<figure class=\"wp-block-image size-large\"><img decoding=\"async\" loading=\"lazy\" width=\"1024\" height=\"576\" src=\"https:\/\/besseraltern.de\/wp-content\/uploads\/2024\/03\/Lotsenfunktion-1-1024x576.png\" alt=\"\" class=\"wp-image-342\" srcset=\"https:\/\/besseraltern.de\/wp-content\/uploads\/2024\/03\/Lotsenfunktion-1-1024x576.png 1024w, https:\/\/besseraltern.de\/wp-content\/uploads\/2024\/03\/Lotsenfunktion-1-300x169.png 300w, https:\/\/besseraltern.de\/wp-content\/uploads\/2024\/03\/Lotsenfunktion-1-768x432.png 768w, https:\/\/besseraltern.de\/wp-content\/uploads\/2024\/03\/Lotsenfunktion-1-1536x864.png 1536w, https:\/\/besseraltern.de\/wp-content\/uploads\/2024\/03\/Lotsenfunktion-1-1568x882.png 1568w, https:\/\/besseraltern.de\/wp-content\/uploads\/2024\/03\/Lotsenfunktion-1.png 1920w\" sizes=\"(max-width: 1024px) 100vw, 1024px\" \/><\/figure>\n\n\n\n<figure class=\"wp-block-image size-large\"><img decoding=\"async\" loading=\"lazy\" width=\"1024\" height=\"658\" src=\"https:\/\/besseraltern.de\/wp-content\/uploads\/2024\/03\/Lotsenfunktion-1024x658.jpg\" alt=\"\" class=\"wp-image-343\" srcset=\"https:\/\/besseraltern.de\/wp-content\/uploads\/2024\/03\/Lotsenfunktion-1024x658.jpg 1024w, https:\/\/besseraltern.de\/wp-content\/uploads\/2024\/03\/Lotsenfunktion-300x193.jpg 300w, https:\/\/besseraltern.de\/wp-content\/uploads\/2024\/03\/Lotsenfunktion-768x493.jpg 768w, https:\/\/besseraltern.de\/wp-content\/uploads\/2024\/03\/Lotsenfunktion-1536x987.jpg 1536w, https:\/\/besseraltern.de\/wp-content\/uploads\/2024\/03\/Lotsenfunktion-2048x1315.jpg 2048w, https:\/\/besseraltern.de\/wp-content\/uploads\/2024\/03\/Lotsenfunktion-1568x1007.jpg 1568w\" sizes=\"(max-width: 1024px) 100vw, 1024px\" \/><\/figure>\n","protected":false},"excerpt":{"rendered":"<p>Vermittlung zu Versorgungsangeboten Unser Gesundheitssystem ist vielschichtig und verwirrend. In meiner Zeit in der Angeh\u00f6rigenberatung habe ich gelernt, wie wichtig es ist, dass Betroffene und auch Angeh\u00f6rige umfassend informiert und beraten werden. Zum Gl\u00fcck gibt es f\u00fcr fast jedes Anliegen Anlaufstellen. Ich bin Expertin f\u00fcr Alltagshandlungen und f\u00fcr die Lebensphase Alter. Wenn mein Fachwissen und&hellip; <a class=\"more-link\" href=\"https:\/\/besseraltern.de\/index.php\/lotsen-funktion\/\">Continue reading <span class=\"screen-reader-text\">Lotsen-Funktion<\/span><\/a><\/p>\n","protected":false},"author":1,"featured_media":0,"parent":0,"menu_order":0,"comment_status":"closed","ping_status":"closed","template":"","meta":{"footnotes":""},"_links":{"self":[{"href":"https:\/\/besseraltern.de\/index.php\/wp-json\/wp\/v2\/pages\/340"}],"collection":[{"href":"https:\/\/besseraltern.de\/index.php\/wp-json\/wp\/v2\/pages"}],"about":[{"href":"https:\/\/besseraltern.de\/index.php\/wp-json\/wp\/v2\/types\/page"}],"author":[{"embeddable":true,"href":"https:\/\/besseraltern.de\/index.php\/wp-json\/wp\/v2\/users\/1"}],"replies":[{"embeddable":true,"href":"https:\/\/besseraltern.de\/index.php\/wp-json\/wp\/v2\/comments?post=340"}],"version-history":[{"count":8,"href":"https:\/\/besseraltern.de\/index.php\/wp-json\/wp\/v2\/pages\/340\/revisions"}],"predecessor-version":[{"id":449,"href":"https:\/\/besseraltern.de\/index.php\/wp-json\/wp\/v2\/pages\/340\/revisions\/449"}],"wp:attachment":[{"href":"https:\/\/besseraltern.de\/index.php\/wp-json\/wp\/v2\/media?parent=340"}],"curies":[{"name":"wp","href":"https:\/\/api.w.org\/{rel}","templated":true}]}}