{"id":554,"date":"2024-08-09T21:14:51","date_gmt":"2024-08-09T19:14:51","guid":{"rendered":"https:\/\/besseraltern.de\/?page_id=554"},"modified":"2025-06-03T17:01:14","modified_gmt":"2025-06-03T15:01:14","slug":"qualitat","status":"publish","type":"page","link":"https:\/\/besseraltern.de\/index.php\/qualitat\/","title":{"rendered":"Qualit\u00e4t"},"content":{"rendered":"\n<p>Wie kann ich als selbstst\u00e4ndig t\u00e4tige Einzelperson im Gesundheitswesen eine gute Qualit\u00e4t erreichen?<\/p>\n\n\n\n<ul>\n<li>Ich pflege den <strong>Kontakt zu anderen Fachkr\u00e4ften<\/strong> und bin offen f\u00fcr die Ans\u00e4tze und Eindr\u00fccke meiner Kollegen im Netzwerk. <\/li>\n\n\n\n<li>1x im Monat habe ich eine zweist\u00fcndige fachliche <strong>Supervision <\/strong>mit einem anderen Praxisinhaber mit \u00e4hnlichem Konzept und \u00e4hnlicher Spezialisierung. <\/li>\n\n\n\n<li>Ich nehme nur Klienten an, welche ich auch kompetent unterst\u00fctzen kann. Wenn mich beispielsweise Menschen nach Handoperationen kontaktieren, <strong>vermittle<\/strong> ich weiter. Gl\u00fccklicherweise gibt es hierf\u00fcr kompetente Kollegen in Regensburg.<\/li>\n\n\n\n<li>Ich biete &#8220;nur&#8221; circa 25 Therapieeinheiten in der Woche und 6-7 am Tag an und studiere nebenberuflich. So kommt es zu <strong>keiner Massenabfertigung<\/strong> und ich kann nebenbei mein fachliches Wissen erweitern. Auch meine Nebent\u00e4tigkeit auf der Stroke Unit sowie Fortbildungen erweitern mein Fachwissen kontinuierlich. <\/li>\n\n\n\n<li>Meine hochwertige <strong>Software<\/strong> erm\u00f6glicht mir einen guten \u00dcberblick \u00fcber den Verlauf, da sie mir eine schnelle und professionelle Dokumentation erleichtert. Das hilft mir, einen guten Therapieprozess zu gestalten und m\u00f6glichst nichts wesentliches zu \u00fcbersehen. Ich arbeite <strong>digital und m\u00f6glichst nachhaltig<\/strong>. Lediglich das Rezept, Ihr Behandlungsvertrag und die Termink\u00e4rtchen sind aus Papier. <\/li>\n\n\n\n<li>Durch die Hausbesuche mit meinen <strong>Elektroroller<\/strong> versuche ich nachhaltiger zu agieren und Versp\u00e4tungen aufgrund von Parkproblemen zu vermeiden. <\/li>\n\n\n\n<li>Ich versuche durch verschiedene Strategien eine <strong>Nachhaltigkeit der Therapie<\/strong> zu erreichen. Es nutzt wenig, in der Therapie w\u00f6chentlich Memory oder Kreuzwortr\u00e4tsel zum Ged\u00e4chtnistraining zu nutzen, wenn jemand zuhause die frische Kleidung nicht mehr findet. Es ist auch nur bedingt wirksam, jede Therapiesitzung mit wohltuenden Entspannungs\u00fcbungen zu f\u00fcllen. Hilfreich ist es, wenn die Person auch Ans\u00e4tze kennenlernt, um mit Stresssituationen besser umgehen zu k\u00f6nnen. Ich versuche die Motivation und Eigenverantwortung zu st\u00e4rken, die Umwelt zu gestalten und die Person und gegebenenfalls das Umfeld zu beraten. <\/li>\n\n\n\n<li>Es ist mir wichtig, dass die Therapie <strong>Freude<\/strong> macht. Meine Klienten sollen sich in den Sitzungen wohlf\u00fchlen, wertgesch\u00e4tzt  und motiviert werden. Durch <strong>Erfolgserlebnisse<\/strong> wird die Motivation gest\u00e4rkt, was die Therapie wirksamer macht.<\/li>\n\n\n\n<li>Die Orientierung an der Evidenzlage ist f\u00fcr mich eine Selbstverst\u00e4ndlichkeit. <\/li>\n<\/ul>\n\n\n\n<figure class=\"wp-block-image size-large is-resized\"><img decoding=\"async\" loading=\"lazy\" width=\"768\" height=\"1024\" src=\"https:\/\/besseraltern.de\/wp-content\/uploads\/2024\/08\/IMG_8927-768x1024.jpg\" alt=\"\" class=\"wp-image-558\" style=\"aspect-ratio:0.75;width:205px;height:auto\" srcset=\"https:\/\/besseraltern.de\/wp-content\/uploads\/2024\/08\/IMG_8927-768x1024.jpg 768w, https:\/\/besseraltern.de\/wp-content\/uploads\/2024\/08\/IMG_8927-225x300.jpg 225w, https:\/\/besseraltern.de\/wp-content\/uploads\/2024\/08\/IMG_8927-1152x1536.jpg 1152w, https:\/\/besseraltern.de\/wp-content\/uploads\/2024\/08\/IMG_8927-1536x2048.jpg 1536w, https:\/\/besseraltern.de\/wp-content\/uploads\/2024\/08\/IMG_8927-1568x2091.jpg 1568w, https:\/\/besseraltern.de\/wp-content\/uploads\/2024\/08\/IMG_8927-scaled.jpg 1920w\" sizes=\"(max-width: 768px) 100vw, 768px\" \/><\/figure>\n","protected":false},"excerpt":{"rendered":"<p>Wie kann ich als selbstst\u00e4ndig t\u00e4tige Einzelperson im Gesundheitswesen eine gute Qualit\u00e4t erreichen?<\/p>\n","protected":false},"author":1,"featured_media":0,"parent":0,"menu_order":0,"comment_status":"closed","ping_status":"closed","template":"","meta":{"footnotes":""},"_links":{"self":[{"href":"https:\/\/besseraltern.de\/index.php\/wp-json\/wp\/v2\/pages\/554"}],"collection":[{"href":"https:\/\/besseraltern.de\/index.php\/wp-json\/wp\/v2\/pages"}],"about":[{"href":"https:\/\/besseraltern.de\/index.php\/wp-json\/wp\/v2\/types\/page"}],"author":[{"embeddable":true,"href":"https:\/\/besseraltern.de\/index.php\/wp-json\/wp\/v2\/users\/1"}],"replies":[{"embeddable":true,"href":"https:\/\/besseraltern.de\/index.php\/wp-json\/wp\/v2\/comments?post=554"}],"version-history":[{"count":4,"href":"https:\/\/besseraltern.de\/index.php\/wp-json\/wp\/v2\/pages\/554\/revisions"}],"predecessor-version":[{"id":604,"href":"https:\/\/besseraltern.de\/index.php\/wp-json\/wp\/v2\/pages\/554\/revisions\/604"}],"wp:attachment":[{"href":"https:\/\/besseraltern.de\/index.php\/wp-json\/wp\/v2\/media?parent=554"}],"curies":[{"name":"wp","href":"https:\/\/api.w.org\/{rel}","templated":true}]}}