{"id":83,"date":"2023-11-01T18:32:12","date_gmt":"2023-11-01T17:32:12","guid":{"rendered":"https:\/\/besseraltern.de\/?page_id=83"},"modified":"2025-10-24T17:32:35","modified_gmt":"2025-10-24T15:32:35","slug":"ueber-mich","status":"publish","type":"page","link":"https:\/\/besseraltern.de\/index.php\/ueber-mich\/","title":{"rendered":"Salome Benkel"},"content":{"rendered":"\n<figure class=\"wp-block-image size-large is-resized\"><img decoding=\"async\" loading=\"lazy\" width=\"682\" height=\"1024\" src=\"https:\/\/besseraltern.de\/wp-content\/uploads\/2024\/01\/IMG_7201-Bearbeitet-PhotoRoom.png-PhotoRoom-682x1024.png\" alt=\"\" class=\"wp-image-259\" style=\"aspect-ratio:0.666015625;width:285px;height:auto\" srcset=\"https:\/\/besseraltern.de\/wp-content\/uploads\/2024\/01\/IMG_7201-Bearbeitet-PhotoRoom.png-PhotoRoom-682x1024.png 682w, https:\/\/besseraltern.de\/wp-content\/uploads\/2024\/01\/IMG_7201-Bearbeitet-PhotoRoom.png-PhotoRoom-200x300.png 200w, https:\/\/besseraltern.de\/wp-content\/uploads\/2024\/01\/IMG_7201-Bearbeitet-PhotoRoom.png-PhotoRoom-768x1152.png 768w, https:\/\/besseraltern.de\/wp-content\/uploads\/2024\/01\/IMG_7201-Bearbeitet-PhotoRoom.png-PhotoRoom.png 853w\" sizes=\"(max-width: 682px) 100vw, 682px\" \/><\/figure>\n\n\n\n<p>Mein Name ist <strong>Salome Benkel<\/strong>, und ich lebe in <strong>Regensburg<\/strong>. Als <strong>Ergotherapeutin B.Sc.<\/strong> habe ich mein Interesse f\u00fcr die Lebensphase Alter und psychische Gesundheit w\u00e4hrend meines Studiums an der Europ\u00e4ischen Fachhochschule in Rostock entdeckt. <\/p>\n\n\n\n<p>In meiner Berufspraxis arbeite ich seit 2018 von Herzen gerne mit \u00e4lteren Menschen. Seit April 2023 intensiviere ich meine Praxiserfahrungen durch ein berufsbegleitendes Studium der <strong>Gerontologie M.Sc.<\/strong> an der Friedrich-Alexander-Universit\u00e4t N\u00fcrnberg-Erlangen. Chancen und Herausforderungen des Alterns und der Demenz bestimmen meinen Berufs- &amp; Studienalltag.<\/p>\n\n\n\n<h2 class=\"wp-block-heading\">Vita<\/h2>\n\n\n\n<p>seit M\u00e4rz 2024 <strong>Inhaberin &#8220;besser altern&#8221; Praxis f\u00fcr Ergotherapie mit Lotsenfunktion<\/strong><\/p>\n\n\n\n<p>Seit 2023 <strong>Dozentin<\/strong> zu Themen des Alterns<\/p>\n\n\n\n<p>2019 &#8211; 2025 <strong>Ergotherapeutin<\/strong>, Akut-Krankenhaus (Stroke Unit)<\/p>\n\n\n\n<p>2023\u20132024 <strong>Fachstelle f\u00fcr pflegende Angeh\u00f6rige<\/strong>, <strong>Gerontopsychiatrischer Fachdienst<\/strong><\/p>\n\n\n\n<p>2020-2023 <strong>Ergotherapeutin<\/strong>, medbo Bezirksklinikum (Altersmedizin)<\/p>\n\n\n\n<p>2019-2020 <strong>Ergotherapeutin<\/strong>, ZAR Reha-Klinik (Orthop\u00e4die, Psychosomatik, Kardiologie)<\/p>\n\n\n\n<p>2018-2019 <strong>Ergotherapeutin<\/strong>, Ergotherapiepraxis Ackermann &amp; Wei\u00df (Psychiatrie, Geriatrie, Neurologie)<\/p>\n\n\n\n<p><strong>Nebenberuflich<\/strong><\/p>\n\n\n\n<p>Freie Redakteurin, Zeitschrift ergopraxis<br>Freie Redakteurin, Zeitschrift Ergotherapie &amp; Rehabilitation<\/p>\n\n\n\n<h2 class=\"wp-block-heading\">Qualifikationen<\/h2>\n\n\n\n<p>eine Auswahl meiner Weiterbildungen, Fortbildungen<\/p>\n\n\n\n<p><strong>Geriatrie<\/strong><\/p>\n\n\n\n<p>\u00b7<strong> Validation<\/strong> nach Naomi Feil \u2013 Umgang mit desorientierten, alten Menschen \u00b7 Der <strong>rheumatische<\/strong> Patient in der Ergotherapie \u00b7 <strong>Integrative Validation<\/strong> nach Richard \u2013 Grundkurs \u00b7 <strong>MAKS\u00ae-m-Therapie<\/strong> \u00b7 Basiswissen <strong>Angeh\u00f6rigenarbeit<\/strong> \u00b7 <strong>Yoga<\/strong> kennt kein Alter \u00b7 <strong>Kognitive Stimulationstherapie &#8211; KST<\/strong> &#8211; <strong>MH Kinaesthetics\u00ae \u2013 The Original, Grundkurs<\/strong><\/p>\n\n\n\n<p><strong>Neurologie<\/strong><\/p>\n\n\n\n<p>\u00b7 <strong>IOT<\/strong> \u2013 Impairment Oriented Training \u00b7 <strong>CIMT<\/strong> \u2013 Constraint Induced Movement Therapy \u00b7 <strong>Therapie auf der Stroke Unit<\/strong> \u2013 Update Schlaganfall \u00b7 <strong>Spiegeltherapie<\/strong> \u00b7 Tempis Thementag <strong>Apraxie<\/strong> \u00b7 Tempis Thementag <strong>Lagerung &amp; Transfer<\/strong> \u00b7 Tempis Thementag <strong>Hirnblutung<\/strong> \u00b7 Tempis <strong>Lagerung &amp; Schlucken<\/strong> \u00b7 Tempis <strong>Workshop Obere Extremit\u00e4t<\/strong><\/p>\n\n\n\n<p><strong>Psychiatrie<\/strong><br>\u00b7 <strong>Motivational Interviewing (Motivationsf\u00f6rderung<\/strong> bei Menschen mit psychischen und\/oder suchtbezogenen St\u00f6rungen) \u00b7 <strong>Neurodeeskalation<\/strong> \u00b7 <strong>Deeskalationstraining<\/strong> \u00b7 Basisschulung <strong>psychiatrische Krise<\/strong><\/p>\n\n\n\n<p><strong>regelm\u00e4\u00dfige Teilnahme an Tagungen\/Messen<\/strong> (u.a. TheraPro Stuttgart, Ergotherapie-Kongress, Rehab Karlsruhe) mit diversen <strong>Workshops<\/strong> (u.a. Hilfsmittelversorgung, Therapie im palliativen Setting, Neurodegenerative Erkrankungen)<\/p>\n\n\n\n<figure class=\"wp-block-image size-large is-resized\"><img decoding=\"async\" loading=\"lazy\" width=\"925\" height=\"1024\" src=\"https:\/\/besseraltern.de\/wp-content\/uploads\/2024\/01\/DVE_Mitglied_Farbe_RGB-925x1024.png\" alt=\"\" class=\"wp-image-267\" style=\"aspect-ratio:0.9033203125;width:147px;height:auto\" srcset=\"https:\/\/besseraltern.de\/wp-content\/uploads\/2024\/01\/DVE_Mitglied_Farbe_RGB-925x1024.png 925w, https:\/\/besseraltern.de\/wp-content\/uploads\/2024\/01\/DVE_Mitglied_Farbe_RGB-271x300.png 271w, https:\/\/besseraltern.de\/wp-content\/uploads\/2024\/01\/DVE_Mitglied_Farbe_RGB-768x850.png 768w, https:\/\/besseraltern.de\/wp-content\/uploads\/2024\/01\/DVE_Mitglied_Farbe_RGB-1387x1536.png 1387w, https:\/\/besseraltern.de\/wp-content\/uploads\/2024\/01\/DVE_Mitglied_Farbe_RGB-1850x2048.png 1850w, https:\/\/besseraltern.de\/wp-content\/uploads\/2024\/01\/DVE_Mitglied_Farbe_RGB-1568x1736.png 1568w\" sizes=\"(max-width: 925px) 100vw, 925px\" \/><\/figure>\n","protected":false},"excerpt":{"rendered":"<p>Mein Name ist Salome Benkel, und ich lebe in Regensburg. Als Ergotherapeutin B.Sc. habe ich mein Interesse f\u00fcr die Lebensphase Alter und psychische Gesundheit w\u00e4hrend meines Studiums an der Europ\u00e4ischen Fachhochschule in Rostock entdeckt. In meiner Berufspraxis arbeite ich seit 2018 von Herzen gerne mit \u00e4lteren Menschen. Seit April 2023 intensiviere ich meine Praxiserfahrungen durch&hellip; <a class=\"more-link\" href=\"https:\/\/besseraltern.de\/index.php\/ueber-mich\/\">Continue reading <span class=\"screen-reader-text\">Salome Benkel<\/span><\/a><\/p>\n","protected":false},"author":1,"featured_media":0,"parent":0,"menu_order":0,"comment_status":"closed","ping_status":"closed","template":"","meta":{"footnotes":""},"_links":{"self":[{"href":"https:\/\/besseraltern.de\/index.php\/wp-json\/wp\/v2\/pages\/83"}],"collection":[{"href":"https:\/\/besseraltern.de\/index.php\/wp-json\/wp\/v2\/pages"}],"about":[{"href":"https:\/\/besseraltern.de\/index.php\/wp-json\/wp\/v2\/types\/page"}],"author":[{"embeddable":true,"href":"https:\/\/besseraltern.de\/index.php\/wp-json\/wp\/v2\/users\/1"}],"replies":[{"embeddable":true,"href":"https:\/\/besseraltern.de\/index.php\/wp-json\/wp\/v2\/comments?post=83"}],"version-history":[{"count":25,"href":"https:\/\/besseraltern.de\/index.php\/wp-json\/wp\/v2\/pages\/83\/revisions"}],"predecessor-version":[{"id":631,"href":"https:\/\/besseraltern.de\/index.php\/wp-json\/wp\/v2\/pages\/83\/revisions\/631"}],"wp:attachment":[{"href":"https:\/\/besseraltern.de\/index.php\/wp-json\/wp\/v2\/media?parent=83"}],"curies":[{"name":"wp","href":"https:\/\/api.w.org\/{rel}","templated":true}]}}