{"id":87,"date":"2023-11-01T19:45:04","date_gmt":"2023-11-01T18:45:04","guid":{"rendered":"https:\/\/besseraltern.de\/?page_id=87"},"modified":"2024-03-05T13:17:17","modified_gmt":"2024-03-05T12:17:17","slug":"kursangebot","status":"publish","type":"page","link":"https:\/\/besseraltern.de\/index.php\/kursangebot\/","title":{"rendered":"Kursangebot"},"content":{"rendered":"\n<figure class=\"wp-block-image size-large\"><img decoding=\"async\" loading=\"lazy\" width=\"1024\" height=\"683\" src=\"https:\/\/besseraltern.de\/wp-content\/uploads\/2023\/12\/pexels-mohammad-danish-891059-1024x683.jpg\" alt=\"\" class=\"wp-image-216\" srcset=\"https:\/\/besseraltern.de\/wp-content\/uploads\/2023\/12\/pexels-mohammad-danish-891059-1024x683.jpg 1024w, https:\/\/besseraltern.de\/wp-content\/uploads\/2023\/12\/pexels-mohammad-danish-891059-300x200.jpg 300w, https:\/\/besseraltern.de\/wp-content\/uploads\/2023\/12\/pexels-mohammad-danish-891059-768x512.jpg 768w, https:\/\/besseraltern.de\/wp-content\/uploads\/2023\/12\/pexels-mohammad-danish-891059-1536x1024.jpg 1536w, https:\/\/besseraltern.de\/wp-content\/uploads\/2023\/12\/pexels-mohammad-danish-891059-2048x1365.jpg 2048w, https:\/\/besseraltern.de\/wp-content\/uploads\/2023\/12\/pexels-mohammad-danish-891059-1568x1045.jpg 1568w\" sizes=\"(max-width: 1024px) 100vw, 1024px\" \/><\/figure>\n\n\n\n<p><strong>Was zeichnet meine Kurse aus?<\/strong><\/p>\n\n\n\n<ul>\n<li>Durch meine vorherige sowie aktuelle berufliche T\u00e4tigkeit bekomme ich <strong>Einblick in viele verschiedene Settings<\/strong> und Aspekte rund um das Thema Altern mit Alltag, Krankheit, Pflege, Therapie. Ich kenne den station\u00e4ren Bereich (Akutpsychiatrie, Pflegeheim), teilstation\u00e4ren (Tagespflege) sowie den ambulanten mit deren Angebotsstruktur sowie die Pflegesituation zuhause.<\/li>\n\n\n\n<li>Ich bin mit Belangen und <strong>Sichtweisen der Erkrankten, Angeh\u00f6rigen und Fachkr\u00e4fte<\/strong> (u.a. Pflegefachkr\u00e4fte, Sozialarbeiter, Therapeuten, \u00c4rzte) vertraut. <\/li>\n\n\n\n<li>Durch meinen vielseitigen Beruf der Ergotherapie bin ich nicht nur im Fachbereich der Geriatie und Gerontopsychiatrie fachlich bestens ger\u00fcstet. In meiner ganzheitlichen Herangehensweise verbinde ich geriatrische Aspekte und Fragestellungen <strong>mit Wissen aus der Psychiatrie und Neurologie. <\/strong>Meine Kentnisse aus der Psychologie sowie die Fachkentnisse aus der Ergotherapie flie\u00dfen zudem als Bestandteil mit in meine Schulungen ein. <\/li>\n\n\n\n<li>Der <strong>praktische Menschenverstand<\/strong> sowie die <strong>W\u00fcrde des Menschen<\/strong> pr\u00e4gen all meine Kurse.<\/li>\n\n\n\n<li><strong>Am wichtigsten: Ich verbinde praktische Erfahrungen mit wissenschaftlichen Erkenntnissen.<\/strong> Daher bin ich weder eine Theoretikerin noch eine reine Praktikerin, sondern beides. Ich bin eine <strong>wissenschaftlich reflektierte Praktikerin, die mit Herz und Engangement ihr Fachwissen weitergibt. <\/strong>Sie werden von mir Erkenntnisse erhalten, die Sie auch nachhaltig in ihrem Alltag anwenden k\u00f6nnen. <\/li>\n<\/ul>\n\n\n\n<figure class=\"wp-block-image size-large\"><img decoding=\"async\" loading=\"lazy\" width=\"1024\" height=\"683\" src=\"https:\/\/besseraltern.de\/wp-content\/uploads\/2023\/12\/pexels-rodolfo-clix-1596882-1024x683.jpg\" alt=\"\" class=\"wp-image-219\" srcset=\"https:\/\/besseraltern.de\/wp-content\/uploads\/2023\/12\/pexels-rodolfo-clix-1596882-1024x683.jpg 1024w, https:\/\/besseraltern.de\/wp-content\/uploads\/2023\/12\/pexels-rodolfo-clix-1596882-300x200.jpg 300w, https:\/\/besseraltern.de\/wp-content\/uploads\/2023\/12\/pexels-rodolfo-clix-1596882-768x512.jpg 768w, https:\/\/besseraltern.de\/wp-content\/uploads\/2023\/12\/pexels-rodolfo-clix-1596882-1536x1024.jpg 1536w, https:\/\/besseraltern.de\/wp-content\/uploads\/2023\/12\/pexels-rodolfo-clix-1596882-2048x1365.jpg 2048w, https:\/\/besseraltern.de\/wp-content\/uploads\/2023\/12\/pexels-rodolfo-clix-1596882-1568x1045.jpg 1568w\" sizes=\"(max-width: 1024px) 100vw, 1024px\" \/><\/figure>\n\n\n\n<p>Im Folgenden finden Sie mein aktuelles Angebot an Fortbildungen und Schulungen. <\/p>\n\n\n\n<p><strong>Kopftraining mit Herz und Verstand<\/strong><\/p>\n\n\n\n<p><strong>Biographiearbeit in der Geriatrie<\/strong><\/p>\n\n\n\n<p><strong>Umgang mit Menschen mit Demenz, Strategien bei Herausforderndem Verhalten<\/strong><\/p>\n\n\n\n<p><strong>Formen der Demenz und Auswirkungen auf den Alltag und das Umfeld<\/strong><\/p>\n\n\n\n<p><strong>Beziehungsaufbau in der Gerontopsychiatrie<\/strong><\/p>\n\n\n\n<p><strong>Angeh\u00f6rigenarbeit bei Demenz<\/strong><\/p>\n\n\n\n<p><strong>Nicht-Inanspruchnahme von ambulanten Pflegesachleistungen\/Unterst\u00fctzungsangeboten f\u00fcr Menschen mit Demenz. Gr\u00fcnde<\/strong>, <strong>Ma\u00dfnahmen &amp; eigene Haltung<\/strong><\/p>\n\n\n\n<p><strong>ICF<\/strong> <strong>&#8211; Internationale Klassifikation der Funktionsf\u00e4higkeit, Behinderung und Gesundheit der WHO<\/strong><\/p>\n\n\n\n<figure class=\"wp-block-image size-large\"><img decoding=\"async\" loading=\"lazy\" width=\"1024\" height=\"681\" src=\"https:\/\/besseraltern.de\/wp-content\/uploads\/2023\/12\/pexels-adonyi-gabor-1416847-1024x681.jpg\" alt=\"\" class=\"wp-image-218\" srcset=\"https:\/\/besseraltern.de\/wp-content\/uploads\/2023\/12\/pexels-adonyi-gabor-1416847-1024x681.jpg 1024w, https:\/\/besseraltern.de\/wp-content\/uploads\/2023\/12\/pexels-adonyi-gabor-1416847-300x199.jpg 300w, https:\/\/besseraltern.de\/wp-content\/uploads\/2023\/12\/pexels-adonyi-gabor-1416847-768x511.jpg 768w, https:\/\/besseraltern.de\/wp-content\/uploads\/2023\/12\/pexels-adonyi-gabor-1416847-1536x1021.jpg 1536w, https:\/\/besseraltern.de\/wp-content\/uploads\/2023\/12\/pexels-adonyi-gabor-1416847-2048x1361.jpg 2048w, https:\/\/besseraltern.de\/wp-content\/uploads\/2023\/12\/pexels-adonyi-gabor-1416847-1568x1042.jpg 1568w\" sizes=\"(max-width: 1024px) 100vw, 1024px\" \/><\/figure>\n\n\n\n<p>Alle Angebote sind in pr\u00e4senz (Akademie\/ Inhouse in Einrichtung) oder als online live-Webinar verf\u00fcgbar. Sie k\u00f6nnen jederzeit weitere Themen anfragen. Denkbar sind folgende Inhalte:<\/p>\n\n\n\n<ul>\n<li>Demenz &#8211; Rollenver\u00e4nderungen in der Familie <\/li>\n\n\n\n<li>Bedeutsamkeit von Routinen und Ritualen im Alltag <\/li>\n\n\n\n<li>Alltagsgestaltung mit Menschen mit Demenz (f\u00fcr Angeh\u00f6rige, h\u00e4usliche Pflege) <\/li>\n\n\n\n<li>Beziehungsgestaltung mit herausfordernden Menschen im gerontopsychiatrischen Kontext<\/li>\n\n\n\n<li>niedrigschwellige Aktivierung in der Geriatrie<\/li>\n\n\n\n<li>Therapiemotivation in der Geriatrie steigern<\/li>\n\n\n\n<li>Erfolgserlebnisse auch f\u00fcr Klienten mit wenig Ressourcen<\/li>\n\n\n\n<li>\u00dcber- und Unterforderung in gemischten Gruppe h\u00e4ndeln<\/li>\n\n\n\n<li>Betreuung mit Alltagsbezug<\/li>\n\n\n\n<li>Ethik im gerontopsychiatrischen Kontext<\/li>\n\n\n\n<li>COPM-Assessment in der Ergotherapie<\/li>\n\n\n\n<li>Geriatrische Assessments im interdisziplin\u00e4ren Kontext in Anwendung und Theorie<\/li>\n<\/ul>\n\n\n\n<figure class=\"wp-block-image size-large\"><img decoding=\"async\" loading=\"lazy\" width=\"1024\" height=\"683\" src=\"https:\/\/besseraltern.de\/wp-content\/uploads\/2023\/12\/pexels-shvets-production-7545406-1024x683.jpg\" alt=\"\" class=\"wp-image-217\" srcset=\"https:\/\/besseraltern.de\/wp-content\/uploads\/2023\/12\/pexels-shvets-production-7545406-1024x683.jpg 1024w, https:\/\/besseraltern.de\/wp-content\/uploads\/2023\/12\/pexels-shvets-production-7545406-300x200.jpg 300w, https:\/\/besseraltern.de\/wp-content\/uploads\/2023\/12\/pexels-shvets-production-7545406-768x512.jpg 768w, https:\/\/besseraltern.de\/wp-content\/uploads\/2023\/12\/pexels-shvets-production-7545406-1536x1024.jpg 1536w, https:\/\/besseraltern.de\/wp-content\/uploads\/2023\/12\/pexels-shvets-production-7545406-2048x1365.jpg 2048w, https:\/\/besseraltern.de\/wp-content\/uploads\/2023\/12\/pexels-shvets-production-7545406-1568x1045.jpg 1568w\" sizes=\"(max-width: 1024px) 100vw, 1024px\" \/><\/figure>\n\n\n\n<p>Wenn Sie <strong>Kursthemen w\u00fcnschen<\/strong>, zu denen Sie hier keine Angaben gefunden haben, k\u00f6nnen Sie sich gerne bei mir melden. Vielleicht kann ich Ihre Anfrage abdecken.<\/p>\n\n\n\n<p><strong>Kosten:<\/strong> auf Anfrage. in und um <strong>Regensburg<\/strong> (&lt;30km) entfallen Fahrtkosten.<\/p>\n\n\n\n<p>Freuen Sie sich darauf, von mir Erkenntnisse aus meiner t\u00e4glichen Arbeit und der Wissenschaft zu erhalten, stets mit dem Ziel, einen kleinen Beitrag zu einer altersfreundlichen und demenzsensiblen Gesellschaft zu leisten.<\/p>\n\n\n\n<p>Lassen Sie uns gemeinsam \u00fcber das Thema Altern sprechen und Wissenschaft mit dem (beruflichen) Alltag verbinden! <\/p>\n\n\n\n<figure class=\"wp-block-image size-full is-resized\"><img decoding=\"async\" loading=\"lazy\" width=\"473\" height=\"473\" src=\"https:\/\/besseraltern.de\/wp-content\/uploads\/2024\/01\/DALGZ_DP_Logo_zentr_RGB_RZ-01-1.png\" alt=\"\" class=\"wp-image-273\" style=\"aspect-ratio:1;width:333px;height:auto\" srcset=\"https:\/\/besseraltern.de\/wp-content\/uploads\/2024\/01\/DALGZ_DP_Logo_zentr_RGB_RZ-01-1.png 473w, https:\/\/besseraltern.de\/wp-content\/uploads\/2024\/01\/DALGZ_DP_Logo_zentr_RGB_RZ-01-1-300x300.png 300w, https:\/\/besseraltern.de\/wp-content\/uploads\/2024\/01\/DALGZ_DP_Logo_zentr_RGB_RZ-01-1-150x150.png 150w\" sizes=\"(max-width: 473px) 100vw, 473px\" \/><\/figure>\n\n\n\n<p>Es sind auch <strong>Schulungen der Demenz Partner &#8211; Initiative m\u00f6glich<\/strong>. Die Initiative zielt darauf ab, die \u00d6ffentlichkeit f\u00fcr Menschen mit Demenz zu sensibilisieren. So halte ich gegen eine Aufwandsentsch\u00e4digung gerne Schulungen f\u00fcr f\u00fcr verschiedene Berufsgruppen. Es gibt spezifisches Schulungsmaterial f\u00fcr Mitarbeitende: <\/p>\n\n\n\n<ul>\n<li>in Apotheken<\/li>\n\n\n\n<li>in Banken <\/li>\n\n\n\n<li>des Einzelhandels<\/li>\n\n\n\n<li>der Feuerwehr<\/li>\n\n\n\n<li>im Personennahverkehr<\/li>\n\n\n\n<li>f\u00fcr pflegende Angeh\u00f6rige<\/li>\n\n\n\n<li>in station\u00e4ren Einrichtungen wie Pflegeheim oder Krankenhaus (ohne Pflege und Betreuungsaufgaben)<\/li>\n\n\n\n<li>der Polizei<\/li>\n\n\n\n<li>im Rettungsdienst<\/li>\n<\/ul>\n\n\n\n<p>Zusammenfassung als PDF:<\/p>\n\n\n\n<p><a href=\"https:\/\/www.demenz-partner.de\/fileadmin\/website\/doc\/Presse_-_Factsheets\/Factsheet_Demenz_Partner_2023-06.pdf\">https:\/\/www.demenz-partner.de\/fileadmin\/website\/doc\/Presse_-_Factsheets\/Factsheet_Demenz_Partner_2023-06.pdf<\/a><\/p>\n","protected":false},"excerpt":{"rendered":"<p>Was zeichnet meine Kurse aus? Im Folgenden finden Sie mein aktuelles Angebot an Fortbildungen und Schulungen. Kopftraining mit Herz und Verstand Biographiearbeit in der Geriatrie Umgang mit Menschen mit Demenz, Strategien bei Herausforderndem Verhalten Formen der Demenz und Auswirkungen auf den Alltag und das Umfeld Beziehungsaufbau in der Gerontopsychiatrie Angeh\u00f6rigenarbeit bei Demenz Nicht-Inanspruchnahme von ambulanten&hellip; <a class=\"more-link\" href=\"https:\/\/besseraltern.de\/index.php\/kursangebot\/\">Continue reading <span class=\"screen-reader-text\">Kursangebot<\/span><\/a><\/p>\n","protected":false},"author":1,"featured_media":0,"parent":0,"menu_order":0,"comment_status":"closed","ping_status":"closed","template":"","meta":{"footnotes":""},"_links":{"self":[{"href":"https:\/\/besseraltern.de\/index.php\/wp-json\/wp\/v2\/pages\/87"}],"collection":[{"href":"https:\/\/besseraltern.de\/index.php\/wp-json\/wp\/v2\/pages"}],"about":[{"href":"https:\/\/besseraltern.de\/index.php\/wp-json\/wp\/v2\/types\/page"}],"author":[{"embeddable":true,"href":"https:\/\/besseraltern.de\/index.php\/wp-json\/wp\/v2\/users\/1"}],"replies":[{"embeddable":true,"href":"https:\/\/besseraltern.de\/index.php\/wp-json\/wp\/v2\/comments?post=87"}],"version-history":[{"count":15,"href":"https:\/\/besseraltern.de\/index.php\/wp-json\/wp\/v2\/pages\/87\/revisions"}],"predecessor-version":[{"id":300,"href":"https:\/\/besseraltern.de\/index.php\/wp-json\/wp\/v2\/pages\/87\/revisions\/300"}],"wp:attachment":[{"href":"https:\/\/besseraltern.de\/index.php\/wp-json\/wp\/v2\/media?parent=87"}],"curies":[{"name":"wp","href":"https:\/\/api.w.org\/{rel}","templated":true}]}}